{"id":1267,"date":"2026-01-15T09:07:12","date_gmt":"2026-01-15T09:07:12","guid":{"rendered":"https:\/\/tra.hocmono.com\/?post_type=product&#038;p=1267"},"modified":"2026-01-15T09:07:13","modified_gmt":"2026-01-15T09:07:13","slug":"bo-bep-dun-nuoc-pha-tra-thuy-tinh-thong-minh-cao-cap-a206-binh-rua-chen","status":"publish","type":"product","link":"https:\/\/tra.hocmono.com\/index.php\/san-pham\/bo-bep-dun-nuoc-pha-tra-thuy-tinh-thong-minh-cao-cap-a206-binh-rua-chen\/","title":{"rendered":"B\u1ed9 B\u1ebfp \u0110un N\u01b0\u1edbc Pha Tr\u00e0 Th\u1ee7y Tinh Th\u00f4ng Minh Cao C\u1ea5p A206 | B\u00ecnh R\u1eeda Ch\u00e9n"},"content":{"rendered":"<h2 data-start=\"210\" data-end=\"300\"><strong data-start=\"213\" data-end=\"300\">B\u1ed8 B\u1ebeP \u0110UN N\u01af\u1edaC PHA TR\u00c0 TH\u1ee6Y TINH CAO C\u1ea4P A206 \u2013 TH\u00d4NG MINH, AN TO\u00c0N, CHU\u1ea8N TR\u00c0 \u0110\u1ea0O<\/strong><\/h2>\n<p data-start=\"302\" data-end=\"631\">B\u1ed9 <strong data-start=\"305\" data-end=\"344\">b\u1ebfp \u0111un n\u01b0\u1edbc pha tr\u00e0 th\u1ee7y tinh A206<\/strong> l\u00e0 gi\u1ea3i ph\u00e1p hi\u1ec7n \u0111\u1ea1i d\u00e0nh cho nh\u1eefng ai y\u00eau tr\u00e0 \u0111\u1ea1o v\u00e0 \u0111\u1ec1 cao <strong data-start=\"407\" data-end=\"449\">s\u1ee9c kh\u1ecfe \u2013 s\u1ef1 ti\u1ec7n nghi \u2013 t\u00ednh an to\u00e0n<\/strong>.<br data-start=\"450\" data-end=\"453\" \/>S\u1ea3n ph\u1ea9m t\u00edch h\u1ee3p <strong data-start=\"471\" data-end=\"529\">b\u1ebfp \u0111un th\u00f4ng minh + \u1ea5m pha tr\u00e0\/c\u00e0 ph\u00ea + n\u1ed3i kh\u1eed tr\u00f9ng<\/strong>, mang \u0111\u1ebfn tr\u1ea3i nghi\u1ec7m th\u01b0\u1edfng tr\u00e0 tr\u1ecdn v\u1eb9n trong kh\u00f4ng gian gia \u0111\u00ecnh, v\u0103n ph\u00f2ng hay ph\u00f2ng tr\u00e0 cao c\u1ea5p.<\/p>\n<hr data-start=\"633\" data-end=\"636\" \/>\n<h3 data-start=\"638\" data-end=\"689\">\ud83c\udf3f <strong data-start=\"645\" data-end=\"689\">CH\u1ea4T LI\u1ec6U CAO C\u1ea4P \u2013 AN TO\u00c0N CHO S\u1ee8C KH\u1eceE<\/strong><\/h3>\n<ul data-start=\"690\" data-end=\"944\">\n<li data-start=\"690\" data-end=\"785\">\n<p data-start=\"692\" data-end=\"785\">\u1ea4m \u0111un <strong data-start=\"699\" data-end=\"731\">th\u1ee7y tinh ch\u1ecbu nhi\u1ec7t cao c\u1ea5p<\/strong>, trong su\u1ed1t, kh\u00f4ng th\u00f4i nhi\u1ec5m, gi\u1eef tr\u1ecdn h\u01b0\u01a1ng v\u1ecb tr\u00e0.<\/p>\n<\/li>\n<li data-start=\"786\" data-end=\"865\">\n<p data-start=\"788\" data-end=\"865\">N\u1ed3i \u0111\u01b0\u1ee3c <strong data-start=\"797\" data-end=\"819\">s\u01a1n ph\u1ee7 c\u00e1ch nhi\u1ec7t<\/strong>, h\u1ea1n ch\u1ebf b\u1ecfng, an to\u00e0n khi s\u1eed d\u1ee5ng h\u1eb1ng ng\u00e0y.<\/p>\n<\/li>\n<li data-start=\"866\" data-end=\"944\">\n<p data-start=\"868\" data-end=\"944\">Thi\u1ebft k\u1ebf tinh t\u1ebf, ph\u00f9 h\u1ee3p v\u1edbi <strong data-start=\"898\" data-end=\"943\">b\u00e0n tr\u00e0 \u0111i\u1ec7n, k\u1ec7 tr\u00e0, kh\u00f4ng gian hi\u1ec7n \u0111\u1ea1i<\/strong>.<\/p>\n<\/li>\n<\/ul>\n<hr data-start=\"946\" data-end=\"949\" \/>\n<h3 data-start=\"951\" data-end=\"1002\">\u26a1 <strong data-start=\"957\" data-end=\"1002\">T\u00cdNH N\u0102NG TH\u00d4NG MINH \u2013 TI\u1ec6N \u00cdCH V\u01af\u1ee2T TR\u1ed8I<\/strong><\/h3>\n<p data-start=\"1003\" data-end=\"1176\">\u2705 <strong data-start=\"1005\" data-end=\"1036\">T\u1ef1 \u0111\u1ed9ng h\u00fat n\u01b0\u1edbc th\u00f4ng minh<\/strong> \u2013 Kh\u00f4ng c\u1ea7n \u0111\u1ed5 n\u01b0\u1edbc th\u1ee7 c\u00f4ng, h\u1ec7 th\u1ed1ng t\u1ef1 c\u1ea5p n\u01b0\u1edbc ch\u00ednh x\u00e1c.<br data-start=\"1098\" data-end=\"1101\" \/>\u2705 <strong data-start=\"1103\" data-end=\"1132\">C\u1ea3m bi\u1ebfn nhi\u1ec7t th\u00f4ng minh<\/strong> \u2013 T\u1ef1 nh\u1eadn di\u1ec7n nhi\u1ec7t \u0111\u1ed9, \u0111i\u1ec1u ch\u1ec9nh ch\u1ebf \u0111\u1ed9:<\/p>\n<ul data-start=\"1177\" data-end=\"1226\">\n<li data-start=\"1177\" data-end=\"1194\">\n<p data-start=\"1179\" data-end=\"1194\">\u0110un s\u00f4i nhanh<\/p>\n<\/li>\n<li data-start=\"1195\" data-end=\"1205\">\n<p data-start=\"1197\" data-end=\"1205\">Gi\u1eef \u1ea5m<\/p>\n<\/li>\n<li data-start=\"1206\" data-end=\"1226\">\n<p data-start=\"1208\" data-end=\"1226\">H\u00e3m tr\u00e0 chu\u1ea9n v\u1ecb<\/p>\n<\/li>\n<\/ul>\n<p data-start=\"1228\" data-end=\"1393\">\u2705 <strong data-start=\"1230\" data-end=\"1261\">\u0110i\u1ec1u khi\u1ec3n c\u1ea3m \u1ee9ng m\u1ed9t ch\u1ea1m<\/strong> \u2013 D\u1ec5 d\u00e0ng t\u00f9y ch\u1ec9nh nhi\u1ec7t \u0111\u1ed9 &amp; th\u1eddi gian \u0111un.<br data-start=\"1307\" data-end=\"1310\" \/>\u2705 <strong data-start=\"1312\" data-end=\"1356\">T\u1ef1 \u0111\u1ed9ng ng\u1eaft khi qu\u00e1 nhi\u1ec7t ho\u1eb7c c\u1ea1n n\u01b0\u1edbc<\/strong> \u2013 Ti\u1ebft ki\u1ec7m \u0111i\u1ec7n, an to\u00e0n tuy\u1ec7t \u0111\u1ed1i.<\/p>\n<hr data-start=\"1395\" data-end=\"1398\" \/>\n<h3 data-start=\"1400\" data-end=\"1455\">\ud83d\udee1 <strong data-start=\"1407\" data-end=\"1455\">AN TO\u00c0N T\u1ed0I \u0110A \u2013 PH\u00d9 H\u1ee2P GIA \u0110\u00ccNH C\u00d3 TR\u1eba NH\u1ece<\/strong><\/h3>\n<ul data-start=\"1456\" data-end=\"1634\">\n<li data-start=\"1456\" data-end=\"1507\">\n<p data-start=\"1458\" data-end=\"1507\"><strong data-start=\"1458\" data-end=\"1483\">Ch\u1ebf \u0111\u1ed9 an to\u00e0n 2 ch\u1ea1m<\/strong>, h\u1ea1n ch\u1ebf thao t\u00e1c nh\u1ea7m.<\/p>\n<\/li>\n<li data-start=\"1508\" data-end=\"1584\">\n<p data-start=\"1510\" data-end=\"1584\">Th\u00e2n n\u1ed3i <strong data-start=\"1519\" data-end=\"1546\">ch\u1ed1ng n\u00f3ng \u2013 ch\u1ed1ng b\u1ecfng<\/strong>, an t\u00e2m cho ng\u01b0\u1eddi l\u1edbn tu\u1ed5i v\u00e0 tr\u1ebb em.<\/p>\n<\/li>\n<li data-start=\"1585\" data-end=\"1634\">\n<p data-start=\"1587\" data-end=\"1634\">Thi\u1ebft k\u1ebf ch\u1eafc ch\u1eafn, h\u1ea1n ch\u1ebf \u0111\u1ed5 ng\u00e3 khi s\u1eed d\u1ee5ng.<\/p>\n<\/li>\n<\/ul>\n<hr data-start=\"1636\" data-end=\"1639\" \/>\n<h3 data-start=\"1641\" data-end=\"1681\">\ud83c\udf75 <strong data-start=\"1648\" data-end=\"1681\">TR\u1ea2I NGHI\u1ec6M PHA TR\u00c0 KH\u00c1C BI\u1ec6T<\/strong><\/h3>\n<ul data-start=\"1682\" data-end=\"1857\">\n<li data-start=\"1682\" data-end=\"1782\">\n<p data-start=\"1684\" data-end=\"1722\"><strong data-start=\"1684\" data-end=\"1721\">Nhi\u1ec7t \u0111\u1ed9 t\u1ed1i \u01b0u cho t\u1eebng lo\u1ea1i tr\u00e0<\/strong>:<\/p>\n<ul data-start=\"1725\" data-end=\"1782\">\n<li data-start=\"1725\" data-end=\"1745\">\n<p data-start=\"1727\" data-end=\"1745\">Tr\u00e0 xanh, matcha<\/p>\n<\/li>\n<li data-start=\"1748\" data-end=\"1758\">\n<p data-start=\"1750\" data-end=\"1758\">\u00d4 long<\/p>\n<\/li>\n<li data-start=\"1761\" data-end=\"1782\">\n<p data-start=\"1763\" data-end=\"1782\">H\u1ed3ng tr\u00e0, tr\u00e0 hoa<\/p>\n<\/li>\n<\/ul>\n<\/li>\n<li data-start=\"1783\" data-end=\"1857\">\n<p data-start=\"1785\" data-end=\"1857\">Gi\u1eef tr\u1ecdn h\u01b0\u01a1ng \u2013 v\u1ecb \u2013 h\u1eadu tr\u00e0, n\u00e2ng t\u1ea7m tr\u1ea3i nghi\u1ec7m th\u01b0\u1edfng tr\u00e0 m\u1ed7i ng\u00e0y.<\/p>\n<\/li>\n<\/ul>\n<hr data-start=\"1859\" data-end=\"1862\" \/>\n<h3 data-start=\"1864\" data-end=\"1892\">\ud83c\udfaf <strong data-start=\"1871\" data-end=\"1892\">\u0110\u1ed0I T\u01af\u1ee2NG S\u1eec D\u1ee4NG<\/strong><\/h3>\n<ul data-start=\"1893\" data-end=\"2086\">\n<li data-start=\"1893\" data-end=\"1928\">\n<p data-start=\"1895\" data-end=\"1928\">\u2714 Ng\u01b0\u1eddi y\u00eau tr\u00e0, \u0111am m\u00ea tr\u00e0 \u0111\u1ea1o<\/p>\n<\/li>\n<li data-start=\"1929\" data-end=\"1971\">\n<p data-start=\"1931\" data-end=\"1971\">\u2714 Gia \u0111\u00ecnh c\u00f3 tr\u1ebb nh\u1ecf, \u01b0u ti\u00ean an to\u00e0n<\/p>\n<\/li>\n<li data-start=\"1972\" data-end=\"2036\">\n<p data-start=\"1974\" data-end=\"2036\">\u2714 Ng\u01b0\u1eddi b\u1eadn r\u1ed9n, c\u1ea7n thi\u1ebft b\u1ecb ti\u1ec7n l\u1ee3i \u2013 ti\u1ebft ki\u1ec7m th\u1eddi gian<\/p>\n<\/li>\n<li data-start=\"2037\" data-end=\"2086\">\n<p data-start=\"2039\" data-end=\"2086\">\u2714 K\u1ebft h\u1ee3p ho\u00e0n h\u1ea3o v\u1edbi <strong data-start=\"2062\" data-end=\"2086\">b\u00e0n tr\u00e0 \u0111i\u1ec7n cao c\u1ea5p<\/strong><\/p>\n<\/li>\n<\/ul>\n<hr data-start=\"2088\" data-end=\"2091\" \/>\n<h3 data-start=\"2093\" data-end=\"2121\">\ud83c\udf81 <strong data-start=\"2100\" data-end=\"2121\">\u01afU \u0110\u00c3I &amp; QU\u00c0 T\u1eb6NG<\/strong><\/h3>\n<p data-start=\"2122\" data-end=\"2246\">\ud83c\udf81 <strong data-start=\"2175\" data-end=\"2210\">T\u1eb7ng 100g tr\u00e0 Shan tuy\u1ebft c\u1ed5 th\u1ee5<\/strong> khi mua combo b\u1ebfp + n\u1ed3i kh\u1eed tr\u00f9ng<\/p>\n<hr data-start=\"2248\" data-end=\"2251\" \/>\n<h3 data-start=\"2253\" data-end=\"2289\">\ud83d\udcde <strong data-start=\"2260\" data-end=\"2289\">LI\u00caN H\u1ec6 \u0110\u1eb6T H\u00c0NG &amp; T\u01af V\u1ea4N<\/strong><\/h3>\n<p data-start=\"2290\" data-end=\"2426\">\ud83d\udc49 Inbox ho\u1eb7c g\u1ecdi tr\u1ef1c ti\u1ebfp \u0111\u1ec3 \u0111\u01b0\u1ee3c t\u01b0 v\u1ea5n chi ti\u1ebft<br data-start=\"2341\" data-end=\"2344\" \/>\ud83d\udc49 <strong data-start=\"2347\" data-end=\"2364\">Zalo: 096 204 9800<\/strong><br data-start=\"2364\" data-end=\"2367\" \/>\ud83d\udc49 \u01afu \u0111\u00e3i t\u1ed1t khi mua <strong data-start=\"2389\" data-end=\"2426\">combo b\u00e0n tr\u00e0 \u0111i\u1ec7n + b\u1ebfp + tr\u00e0 c\u1ee5<\/strong><\/p>\n<blockquote data-start=\"2428\" data-end=\"2503\">\n<p data-start=\"2430\" data-end=\"2503\"><strong data-start=\"2430\" data-end=\"2503\">A206 \u2013 Khi c\u00f4ng ngh\u1ec7 hi\u1ec7n \u0111\u1ea1i ph\u1ee5c v\u1ee5 tr\u1ecdn v\u1eb9n ngh\u1ec7 thu\u1eadt th\u01b0\u1edfng tr\u00e0.<\/strong><\/p>\n<\/blockquote>\n","protected":false},"excerpt":{"rendered":"<p>Ch\u1ea5t li\u1ec7u: M\u1eb7t k\u00ednh c\u1ea3m \u1ee9ng c\u01b0\u1eddng l\u1ef1c,01 \u1ea5m \u0111un,01 n\u1ed3i kh\u1eed tr\u00f9ng th\u1ee7y tinh ch\u1ecbu nhi\u1ec7t.<br \/>\nCh\u1ee9c n\u0103ng:<br \/>\n\u2013 T\u1ef1 \u0111\u1ed9ng c\u1ea5p n\u01b0\u1edbc khi c\u1ea1n, t\u1ef1 ng\u1eaft khi \u0111un s\u00f4i.<br \/>\n\u2013 T\u00f9y ch\u1ec9nh nhi\u1ec7t \u0111\u1ed9 \u0111un t\u1eeb 40 \u2013 100C ph\u1ee5c v\u1ee5 nhi\u1ec1u nhu c\u1ea7u kh\u00e1c nhau.<br \/>\nK\u00edch th\u01b0\u1edbc: M\u1eb7t b\u1ebfp 37cm x 20cm x 22cm<br \/>\nC\u00f4ng su\u1ea5t: 800W (\u1ea5m \u0111un) \u2013 120W (N\u1ed3i tr\u1ea7n) \u2013 10W (M\u00e1y b\u01a1m)<br \/>\n\u0110i\u1ec7n \u00e1p: 220V \u2013 50Hz<br \/>\nTh\u01b0\u01a1ng hi\u1ec7u : OM<br \/>\nB\u1ea3o h\u00e0nh: 12 th\u00e1ng, s\u1eeda ch\u1eefa \u0111\u1ed5i tr\u00e0 n\u1ebfu s\u1ea3n ph\u1ea9m l\u1ed7i trong th\u1eddi gian l\u00e0 15 ng\u00e0y<\/p>\n","protected":false},"featured_media":1268,"comment_status":"open","ping_status":"closed","template":"","meta":{"_bst_post_transparent":"default","_bst_post_title":"","_bst_post_layout":"default","_bst_post_sidebar_id":"","_bst_post_content_style":"default","_bst_post_vertical_padding":"default","_bst_post_feature":"","_bst_post_feature_position":"","_bst_post_header":false,"_bst_post_footer":false},"product_brand":[],"product_cat":[97,102],"product_tag":[193,197,194],"product_brands":[],"class_list":{"0":"post-1267","1":"product","2":"type-product","3":"status-publish","4":"has-post-thumbnail","6":"product_cat-ban-tra-tra-cu","7":"product_cat-bep-dun-nuoc","8":"product_tag-bep-dun-nuoc","9":"product_tag-bep-dun-nuoc-pha-tra","10":"product_tag-bep-thuy-tinh","12":"first","13":"instock","14":"sale","15":"shipping-taxable","16":"purchasable","17":"product-type-simple","18":"entry","19":"content-bg","20":"loop-entry"},"yoast_head":"<!-- This site is optimized with the Yoast SEO Premium plugin v27.1 (Yoast SEO v26.6) - https:\/\/yoast.com\/wordpress\/plugins\/seo\/ -->\n<title>B\u1ed9 B\u1ebfp \u0110un N\u01b0\u1edbc Pha Tr\u00e0 Th\u1ee7y Tinh Th\u00f4ng Minh Cao C\u1ea5p A206 | B\u00ecnh R\u1eeda Ch\u00e9n - Tr\u00e0 Ngon<\/title>\n<meta name=\"description\" content=\"B\u1ed8 B\u1ebeP \u0110UN N\u01af\u1edaC PHA TR\u00c0 TH\u1ee6Y TINH CAO C\u1ea4P A206 \u2013 TH\u00d4NG MINH, AN TO\u00c0N, CHU\u1ea8N TR\u00c0 \u0110\u1ea0OB\u1ed9 b\u1ebfp \u0111un n\u01b0\u1edbc pha tr\u00e0 th\u1ee7y tinh A206 l\u00e0 gi\u1ea3i ph\u00e1p hi\u1ec7n \u0111\u1ea1i d\u00e0nh cho nh\u1eefng ai y\u00eau tr\u00e0 \u0111\u1ea1o v\u00e0 \u0111\u1ec1 cao s\u1ee9c kh\u1ecfe \u2013 s\u1ef1 ti\u1ec7n nghi \u2013 t\u00ednh an to\u00e0n.S\u1ea3n ph\u1ea9m t\u00edch h\u1ee3p b\u1ebfp \u0111un th\u00f4ng minh + \u1ea5m pha tr\u00e0\/c\u00e0 ph\u00ea + n\u1ed3i kh\u1eed tr\u00f9ng, mang \u0111\u1ebfn tr\u1ea3i nghi\u1ec7m th\u01b0\u1edfng tr\u00e0 tr\u1ecdn v\u1eb9n trong kh\u00f4ng gian gia \u0111\u00ecnh, v\u0103n ph\u00f2ng hay ph\u00f2ng tr\u00e0 cao c\u1ea5p.\" \/>\n<meta name=\"robots\" content=\"index, follow, max-snippet:-1, max-image-preview:large, max-video-preview:-1\" \/>\n<link rel=\"canonical\" href=\"https:\/\/tra.hocmono.com\/index.php\/san-pham\/bo-bep-dun-nuoc-pha-tra-thuy-tinh-thong-minh-cao-cap-a206-binh-rua-chen\/\" \/>\n<meta property=\"og:locale\" content=\"vi_VN\" \/>\n<meta property=\"og:type\" content=\"article\" \/>\n<meta property=\"og:title\" content=\"B\u1ed9 B\u1ebfp \u0110un N\u01b0\u1edbc Pha Tr\u00e0 Th\u1ee7y Tinh Th\u00f4ng Minh Cao C\u1ea5p A206 | B\u00ecnh R\u1eeda Ch\u00e9n - Tr\u00e0 Ngon\" \/>\n<meta property=\"og:description\" content=\"B\u1ed8 B\u1ebeP \u0110UN N\u01af\u1edaC PHA TR\u00c0 TH\u1ee6Y TINH CAO C\u1ea4P A206 \u2013 TH\u00d4NG MINH, AN TO\u00c0N, CHU\u1ea8N TR\u00c0 \u0110\u1ea0OB\u1ed9 b\u1ebfp \u0111un n\u01b0\u1edbc pha tr\u00e0 th\u1ee7y tinh A206 l\u00e0 gi\u1ea3i ph\u00e1p hi\u1ec7n \u0111\u1ea1i d\u00e0nh cho nh\u1eefng ai y\u00eau tr\u00e0 \u0111\u1ea1o v\u00e0 \u0111\u1ec1 cao s\u1ee9c kh\u1ecfe \u2013 s\u1ef1 ti\u1ec7n nghi \u2013 t\u00ednh an to\u00e0n.S\u1ea3n ph\u1ea9m t\u00edch h\u1ee3p b\u1ebfp \u0111un th\u00f4ng minh + \u1ea5m pha tr\u00e0\/c\u00e0 ph\u00ea + n\u1ed3i kh\u1eed tr\u00f9ng, mang \u0111\u1ebfn tr\u1ea3i nghi\u1ec7m th\u01b0\u1edfng tr\u00e0 tr\u1ecdn v\u1eb9n trong kh\u00f4ng gian gia \u0111\u00ecnh, v\u0103n ph\u00f2ng hay ph\u00f2ng tr\u00e0 cao c\u1ea5p.\" \/>\n<meta property=\"og:url\" content=\"https:\/\/tra.hocmono.com\/index.php\/san-pham\/bo-bep-dun-nuoc-pha-tra-thuy-tinh-thong-minh-cao-cap-a206-binh-rua-chen\/\" \/>\n<meta property=\"og:site_name\" content=\"Tr\u00e0 Ngon\" \/>\n<meta property=\"article:modified_time\" content=\"2026-01-15T09:07:13+00:00\" \/>\n<meta property=\"og:image\" content=\"https:\/\/tra.hocmono.com\/wp-content\/uploads\/2026\/01\/bep-dun-nuoc-pha-tra-thuy-tinh-a206-900.jpg\" \/>\n\t<meta property=\"og:image:width\" content=\"1000\" \/>\n\t<meta property=\"og:image:height\" content=\"1148\" \/>\n\t<meta property=\"og:image:type\" content=\"image\/jpeg\" \/>\n<meta name=\"twitter:card\" content=\"summary_large_image\" \/>\n<meta name=\"twitter:label1\" content=\"\u01af\u1edbc t\u00ednh th\u1eddi gian \u0111\u1ecdc\" \/>\n\t<meta name=\"twitter:data1\" content=\"3 ph\u00fat\" \/>\n<script type=\"application\/ld+json\" class=\"yoast-schema-graph\">{\"@context\":\"https:\/\/schema.org\",\"@graph\":[{\"@type\":\"WebPage\",\"@id\":\"https:\/\/tra.hocmono.com\/index.php\/san-pham\/bo-bep-dun-nuoc-pha-tra-thuy-tinh-thong-minh-cao-cap-a206-binh-rua-chen\/\",\"url\":\"https:\/\/tra.hocmono.com\/index.php\/san-pham\/bo-bep-dun-nuoc-pha-tra-thuy-tinh-thong-minh-cao-cap-a206-binh-rua-chen\/\",\"name\":\"B\u1ed9 B\u1ebfp \u0110un N\u01b0\u1edbc Pha Tr\u00e0 Th\u1ee7y Tinh Th\u00f4ng Minh Cao C\u1ea5p A206 | B\u00ecnh R\u1eeda Ch\u00e9n - Tr\u00e0 Ngon\",\"isPartOf\":{\"@id\":\"https:\/\/tra.hocmono.com\/#website\"},\"primaryImageOfPage\":{\"@id\":\"https:\/\/tra.hocmono.com\/index.php\/san-pham\/bo-bep-dun-nuoc-pha-tra-thuy-tinh-thong-minh-cao-cap-a206-binh-rua-chen\/#primaryimage\"},\"image\":{\"@id\":\"https:\/\/tra.hocmono.com\/index.php\/san-pham\/bo-bep-dun-nuoc-pha-tra-thuy-tinh-thong-minh-cao-cap-a206-binh-rua-chen\/#primaryimage\"},\"thumbnailUrl\":\"https:\/\/tra.hocmono.com\/wp-content\/uploads\/2026\/01\/bep-dun-nuoc-pha-tra-thuy-tinh-a206-900.jpg\",\"datePublished\":\"2026-01-15T09:07:12+00:00\",\"dateModified\":\"2026-01-15T09:07:13+00:00\",\"description\":\"B\u1ed8 B\u1ebeP \u0110UN N\u01af\u1edaC PHA TR\u00c0 TH\u1ee6Y TINH CAO C\u1ea4P A206 \u2013 TH\u00d4NG MINH, AN TO\u00c0N, CHU\u1ea8N TR\u00c0 \u0110\u1ea0OB\u1ed9 b\u1ebfp \u0111un n\u01b0\u1edbc pha tr\u00e0 th\u1ee7y tinh A206 l\u00e0 gi\u1ea3i ph\u00e1p hi\u1ec7n \u0111\u1ea1i d\u00e0nh cho nh\u1eefng ai y\u00eau tr\u00e0 \u0111\u1ea1o v\u00e0 \u0111\u1ec1 cao s\u1ee9c kh\u1ecfe \u2013 s\u1ef1 ti\u1ec7n nghi \u2013 t\u00ednh an to\u00e0n.S\u1ea3n ph\u1ea9m t\u00edch h\u1ee3p b\u1ebfp \u0111un th\u00f4ng minh + \u1ea5m pha tr\u00e0\/c\u00e0 ph\u00ea + n\u1ed3i kh\u1eed tr\u00f9ng, mang \u0111\u1ebfn tr\u1ea3i nghi\u1ec7m th\u01b0\u1edfng tr\u00e0 tr\u1ecdn v\u1eb9n trong kh\u00f4ng gian gia \u0111\u00ecnh, v\u0103n ph\u00f2ng hay ph\u00f2ng tr\u00e0 cao c\u1ea5p.\",\"breadcrumb\":{\"@id\":\"https:\/\/tra.hocmono.com\/index.php\/san-pham\/bo-bep-dun-nuoc-pha-tra-thuy-tinh-thong-minh-cao-cap-a206-binh-rua-chen\/#breadcrumb\"},\"inLanguage\":\"vi\",\"potentialAction\":[{\"@type\":\"ReadAction\",\"target\":[\"https:\/\/tra.hocmono.com\/index.php\/san-pham\/bo-bep-dun-nuoc-pha-tra-thuy-tinh-thong-minh-cao-cap-a206-binh-rua-chen\/\"]}]},{\"@type\":\"ImageObject\",\"inLanguage\":\"vi\",\"@id\":\"https:\/\/tra.hocmono.com\/index.php\/san-pham\/bo-bep-dun-nuoc-pha-tra-thuy-tinh-thong-minh-cao-cap-a206-binh-rua-chen\/#primaryimage\",\"url\":\"https:\/\/tra.hocmono.com\/wp-content\/uploads\/2026\/01\/bep-dun-nuoc-pha-tra-thuy-tinh-a206-900.jpg\",\"contentUrl\":\"https:\/\/tra.hocmono.com\/wp-content\/uploads\/2026\/01\/bep-dun-nuoc-pha-tra-thuy-tinh-a206-900.jpg\",\"width\":1000,\"height\":1148},{\"@type\":\"BreadcrumbList\",\"@id\":\"https:\/\/tra.hocmono.com\/index.php\/san-pham\/bo-bep-dun-nuoc-pha-tra-thuy-tinh-thong-minh-cao-cap-a206-binh-rua-chen\/#breadcrumb\",\"itemListElement\":[{\"@type\":\"ListItem\",\"position\":1,\"name\":\"Trang ch\u1ee7\",\"item\":\"https:\/\/tra.hocmono.com\/\"},{\"@type\":\"ListItem\",\"position\":2,\"name\":\"Shop\",\"item\":\"https:\/\/tra.hocmono.com\/index.php\/shop\/\"},{\"@type\":\"ListItem\",\"position\":3,\"name\":\"B\u1ed9 B\u1ebfp \u0110un N\u01b0\u1edbc Pha Tr\u00e0 Th\u1ee7y Tinh Th\u00f4ng Minh Cao C\u1ea5p A206 | B\u00ecnh R\u1eeda Ch\u00e9n\"}]},{\"@type\":\"WebSite\",\"@id\":\"https:\/\/tra.hocmono.com\/#website\",\"url\":\"https:\/\/tra.hocmono.com\/\",\"name\":\"Tr\u00e0 Ngon\",\"description\":\"\",\"publisher\":{\"@id\":\"https:\/\/tra.hocmono.com\/#organization\"},\"potentialAction\":[{\"@type\":\"SearchAction\",\"target\":{\"@type\":\"EntryPoint\",\"urlTemplate\":\"https:\/\/tra.hocmono.com\/?s={search_term_string}\"},\"query-input\":{\"@type\":\"PropertyValueSpecification\",\"valueRequired\":true,\"valueName\":\"search_term_string\"}}],\"inLanguage\":\"vi\"},{\"@type\":\"Organization\",\"@id\":\"https:\/\/tra.hocmono.com\/#organization\",\"name\":\"Tr\u00e0 Ngon\",\"url\":\"https:\/\/tra.hocmono.com\/\",\"logo\":{\"@type\":\"ImageObject\",\"inLanguage\":\"vi\",\"@id\":\"https:\/\/tra.hocmono.com\/#\/schema\/logo\/image\/\",\"url\":\"https:\/\/tra.hocmono.com\/wp-content\/uploads\/2025\/12\/cropped-Green-and-Cream-Modern-Cafe-Logo-1.png\",\"contentUrl\":\"https:\/\/tra.hocmono.com\/wp-content\/uploads\/2025\/12\/cropped-Green-and-Cream-Modern-Cafe-Logo-1.png\",\"width\":500,\"height\":200,\"caption\":\"Tr\u00e0 Ngon\"},\"image\":{\"@id\":\"https:\/\/tra.hocmono.com\/#\/schema\/logo\/image\/\"}}]}<\/script>\n<!-- \/ Yoast SEO Premium plugin. -->","yoast_head_json":{"title":"B\u1ed9 B\u1ebfp \u0110un N\u01b0\u1edbc Pha Tr\u00e0 Th\u1ee7y Tinh Th\u00f4ng Minh Cao C\u1ea5p A206 | B\u00ecnh R\u1eeda Ch\u00e9n - Tr\u00e0 Ngon","description":"B\u1ed8 B\u1ebeP \u0110UN N\u01af\u1edaC PHA TR\u00c0 TH\u1ee6Y TINH CAO C\u1ea4P A206 \u2013 TH\u00d4NG MINH, AN TO\u00c0N, CHU\u1ea8N TR\u00c0 \u0110\u1ea0OB\u1ed9 b\u1ebfp \u0111un n\u01b0\u1edbc pha tr\u00e0 th\u1ee7y tinh A206 l\u00e0 gi\u1ea3i ph\u00e1p hi\u1ec7n \u0111\u1ea1i d\u00e0nh cho nh\u1eefng ai y\u00eau tr\u00e0 \u0111\u1ea1o v\u00e0 \u0111\u1ec1 cao s\u1ee9c kh\u1ecfe \u2013 s\u1ef1 ti\u1ec7n nghi \u2013 t\u00ednh an to\u00e0n.S\u1ea3n ph\u1ea9m t\u00edch h\u1ee3p b\u1ebfp \u0111un th\u00f4ng minh + \u1ea5m pha tr\u00e0\/c\u00e0 ph\u00ea + n\u1ed3i kh\u1eed tr\u00f9ng, mang \u0111\u1ebfn tr\u1ea3i nghi\u1ec7m th\u01b0\u1edfng tr\u00e0 tr\u1ecdn v\u1eb9n trong kh\u00f4ng gian gia \u0111\u00ecnh, v\u0103n ph\u00f2ng hay ph\u00f2ng tr\u00e0 cao c\u1ea5p.","robots":{"index":"index","follow":"follow","max-snippet":"max-snippet:-1","max-image-preview":"max-image-preview:large","max-video-preview":"max-video-preview:-1"},"canonical":"https:\/\/tra.hocmono.com\/index.php\/san-pham\/bo-bep-dun-nuoc-pha-tra-thuy-tinh-thong-minh-cao-cap-a206-binh-rua-chen\/","og_locale":"vi_VN","og_type":"article","og_title":"B\u1ed9 B\u1ebfp \u0110un N\u01b0\u1edbc Pha Tr\u00e0 Th\u1ee7y Tinh Th\u00f4ng Minh Cao C\u1ea5p A206 | B\u00ecnh R\u1eeda Ch\u00e9n - Tr\u00e0 Ngon","og_description":"B\u1ed8 B\u1ebeP \u0110UN N\u01af\u1edaC PHA TR\u00c0 TH\u1ee6Y TINH CAO C\u1ea4P A206 \u2013 TH\u00d4NG MINH, AN TO\u00c0N, CHU\u1ea8N TR\u00c0 \u0110\u1ea0OB\u1ed9 b\u1ebfp \u0111un n\u01b0\u1edbc pha tr\u00e0 th\u1ee7y tinh A206 l\u00e0 gi\u1ea3i ph\u00e1p hi\u1ec7n \u0111\u1ea1i d\u00e0nh cho nh\u1eefng ai y\u00eau tr\u00e0 \u0111\u1ea1o v\u00e0 \u0111\u1ec1 cao s\u1ee9c kh\u1ecfe \u2013 s\u1ef1 ti\u1ec7n nghi \u2013 t\u00ednh an to\u00e0n.S\u1ea3n ph\u1ea9m t\u00edch h\u1ee3p b\u1ebfp \u0111un th\u00f4ng minh + \u1ea5m pha tr\u00e0\/c\u00e0 ph\u00ea + n\u1ed3i kh\u1eed tr\u00f9ng, mang \u0111\u1ebfn tr\u1ea3i nghi\u1ec7m th\u01b0\u1edfng tr\u00e0 tr\u1ecdn v\u1eb9n trong kh\u00f4ng gian gia \u0111\u00ecnh, v\u0103n ph\u00f2ng hay ph\u00f2ng tr\u00e0 cao c\u1ea5p.","og_url":"https:\/\/tra.hocmono.com\/index.php\/san-pham\/bo-bep-dun-nuoc-pha-tra-thuy-tinh-thong-minh-cao-cap-a206-binh-rua-chen\/","og_site_name":"Tr\u00e0 Ngon","article_modified_time":"2026-01-15T09:07:13+00:00","og_image":[{"width":1000,"height":1148,"url":"https:\/\/tra.hocmono.com\/wp-content\/uploads\/2026\/01\/bep-dun-nuoc-pha-tra-thuy-tinh-a206-900.jpg","type":"image\/jpeg"}],"twitter_card":"summary_large_image","twitter_misc":{"\u01af\u1edbc t\u00ednh th\u1eddi gian \u0111\u1ecdc":"3 ph\u00fat"},"schema":{"@context":"https:\/\/schema.org","@graph":[{"@type":"WebPage","@id":"https:\/\/tra.hocmono.com\/index.php\/san-pham\/bo-bep-dun-nuoc-pha-tra-thuy-tinh-thong-minh-cao-cap-a206-binh-rua-chen\/","url":"https:\/\/tra.hocmono.com\/index.php\/san-pham\/bo-bep-dun-nuoc-pha-tra-thuy-tinh-thong-minh-cao-cap-a206-binh-rua-chen\/","name":"B\u1ed9 B\u1ebfp \u0110un N\u01b0\u1edbc Pha Tr\u00e0 Th\u1ee7y Tinh Th\u00f4ng Minh Cao C\u1ea5p A206 | B\u00ecnh R\u1eeda Ch\u00e9n - Tr\u00e0 Ngon","isPartOf":{"@id":"https:\/\/tra.hocmono.com\/#website"},"primaryImageOfPage":{"@id":"https:\/\/tra.hocmono.com\/index.php\/san-pham\/bo-bep-dun-nuoc-pha-tra-thuy-tinh-thong-minh-cao-cap-a206-binh-rua-chen\/#primaryimage"},"image":{"@id":"https:\/\/tra.hocmono.com\/index.php\/san-pham\/bo-bep-dun-nuoc-pha-tra-thuy-tinh-thong-minh-cao-cap-a206-binh-rua-chen\/#primaryimage"},"thumbnailUrl":"https:\/\/tra.hocmono.com\/wp-content\/uploads\/2026\/01\/bep-dun-nuoc-pha-tra-thuy-tinh-a206-900.jpg","datePublished":"2026-01-15T09:07:12+00:00","dateModified":"2026-01-15T09:07:13+00:00","description":"B\u1ed8 B\u1ebeP \u0110UN N\u01af\u1edaC PHA TR\u00c0 TH\u1ee6Y TINH CAO C\u1ea4P A206 \u2013 TH\u00d4NG MINH, AN TO\u00c0N, CHU\u1ea8N TR\u00c0 \u0110\u1ea0OB\u1ed9 b\u1ebfp \u0111un n\u01b0\u1edbc pha tr\u00e0 th\u1ee7y tinh A206 l\u00e0 gi\u1ea3i ph\u00e1p hi\u1ec7n \u0111\u1ea1i d\u00e0nh cho nh\u1eefng ai y\u00eau tr\u00e0 \u0111\u1ea1o v\u00e0 \u0111\u1ec1 cao s\u1ee9c kh\u1ecfe \u2013 s\u1ef1 ti\u1ec7n nghi \u2013 t\u00ednh an to\u00e0n.S\u1ea3n ph\u1ea9m t\u00edch h\u1ee3p b\u1ebfp \u0111un th\u00f4ng minh + \u1ea5m pha tr\u00e0\/c\u00e0 ph\u00ea + n\u1ed3i kh\u1eed tr\u00f9ng, mang \u0111\u1ebfn tr\u1ea3i nghi\u1ec7m th\u01b0\u1edfng tr\u00e0 tr\u1ecdn v\u1eb9n trong kh\u00f4ng gian gia \u0111\u00ecnh, v\u0103n ph\u00f2ng hay ph\u00f2ng tr\u00e0 cao c\u1ea5p.","breadcrumb":{"@id":"https:\/\/tra.hocmono.com\/index.php\/san-pham\/bo-bep-dun-nuoc-pha-tra-thuy-tinh-thong-minh-cao-cap-a206-binh-rua-chen\/#breadcrumb"},"inLanguage":"vi","potentialAction":[{"@type":"ReadAction","target":["https:\/\/tra.hocmono.com\/index.php\/san-pham\/bo-bep-dun-nuoc-pha-tra-thuy-tinh-thong-minh-cao-cap-a206-binh-rua-chen\/"]}]},{"@type":"ImageObject","inLanguage":"vi","@id":"https:\/\/tra.hocmono.com\/index.php\/san-pham\/bo-bep-dun-nuoc-pha-tra-thuy-tinh-thong-minh-cao-cap-a206-binh-rua-chen\/#primaryimage","url":"https:\/\/tra.hocmono.com\/wp-content\/uploads\/2026\/01\/bep-dun-nuoc-pha-tra-thuy-tinh-a206-900.jpg","contentUrl":"https:\/\/tra.hocmono.com\/wp-content\/uploads\/2026\/01\/bep-dun-nuoc-pha-tra-thuy-tinh-a206-900.jpg","width":1000,"height":1148},{"@type":"BreadcrumbList","@id":"https:\/\/tra.hocmono.com\/index.php\/san-pham\/bo-bep-dun-nuoc-pha-tra-thuy-tinh-thong-minh-cao-cap-a206-binh-rua-chen\/#breadcrumb","itemListElement":[{"@type":"ListItem","position":1,"name":"Trang ch\u1ee7","item":"https:\/\/tra.hocmono.com\/"},{"@type":"ListItem","position":2,"name":"Shop","item":"https:\/\/tra.hocmono.com\/index.php\/shop\/"},{"@type":"ListItem","position":3,"name":"B\u1ed9 B\u1ebfp \u0110un N\u01b0\u1edbc Pha Tr\u00e0 Th\u1ee7y Tinh Th\u00f4ng Minh Cao C\u1ea5p A206 | B\u00ecnh R\u1eeda Ch\u00e9n"}]},{"@type":"WebSite","@id":"https:\/\/tra.hocmono.com\/#website","url":"https:\/\/tra.hocmono.com\/","name":"Tr\u00e0 Ngon","description":"","publisher":{"@id":"https:\/\/tra.hocmono.com\/#organization"},"potentialAction":[{"@type":"SearchAction","target":{"@type":"EntryPoint","urlTemplate":"https:\/\/tra.hocmono.com\/?s={search_term_string}"},"query-input":{"@type":"PropertyValueSpecification","valueRequired":true,"valueName":"search_term_string"}}],"inLanguage":"vi"},{"@type":"Organization","@id":"https:\/\/tra.hocmono.com\/#organization","name":"Tr\u00e0 Ngon","url":"https:\/\/tra.hocmono.com\/","logo":{"@type":"ImageObject","inLanguage":"vi","@id":"https:\/\/tra.hocmono.com\/#\/schema\/logo\/image\/","url":"https:\/\/tra.hocmono.com\/wp-content\/uploads\/2025\/12\/cropped-Green-and-Cream-Modern-Cafe-Logo-1.png","contentUrl":"https:\/\/tra.hocmono.com\/wp-content\/uploads\/2025\/12\/cropped-Green-and-Cream-Modern-Cafe-Logo-1.png","width":500,"height":200,"caption":"Tr\u00e0 Ngon"},"image":{"@id":"https:\/\/tra.hocmono.com\/#\/schema\/logo\/image\/"}}]}},"_links":{"self":[{"href":"https:\/\/tra.hocmono.com\/index.php\/wp-json\/wp\/v2\/product\/1267","targetHints":{"allow":["GET"]}}],"collection":[{"href":"https:\/\/tra.hocmono.com\/index.php\/wp-json\/wp\/v2\/product"}],"about":[{"href":"https:\/\/tra.hocmono.com\/index.php\/wp-json\/wp\/v2\/types\/product"}],"replies":[{"embeddable":true,"href":"https:\/\/tra.hocmono.com\/index.php\/wp-json\/wp\/v2\/comments?post=1267"}],"wp:featuredmedia":[{"embeddable":true,"href":"https:\/\/tra.hocmono.com\/index.php\/wp-json\/wp\/v2\/media\/1268"}],"wp:attachment":[{"href":"https:\/\/tra.hocmono.com\/index.php\/wp-json\/wp\/v2\/media?parent=1267"}],"wp:term":[{"taxonomy":"product_brand","embeddable":true,"href":"https:\/\/tra.hocmono.com\/index.php\/wp-json\/wp\/v2\/product_brand?post=1267"},{"taxonomy":"product_cat","embeddable":true,"href":"https:\/\/tra.hocmono.com\/index.php\/wp-json\/wp\/v2\/product_cat?post=1267"},{"taxonomy":"product_tag","embeddable":true,"href":"https:\/\/tra.hocmono.com\/index.php\/wp-json\/wp\/v2\/product_tag?post=1267"},{"taxonomy":"product_brands","embeddable":true,"href":"https:\/\/tra.hocmono.com\/index.php\/wp-json\/wp\/v2\/product_brands?post=1267"}],"curies":[{"name":"wp","href":"https:\/\/api.w.org\/{rel}","templated":true}]}}